{"id":87,"date":"2023-04-17T08:40:56","date_gmt":"2023-04-17T08:40:56","guid":{"rendered":"https:\/\/mardelux.com\/?page_id=87"},"modified":"2023-06-15T12:05:49","modified_gmt":"2023-06-15T12:05:49","slug":"privacy-settings","status":"publish","type":"page","link":"https:\/\/mardelux.com\/es\/privacy-settings\/","title":{"rendered":"Configuraci\u00f3n de privacidad"},"content":{"rendered":"<section\n                class=\"my-100\"    >\n        <div class=\"container\">\n            \n<div id=\"cmplz-manage-consent-container-nojavascript\">Has cargado la pol\u00edtica de cookies sin compatibilidad con JavaScript.&nbsp;En AMP, puedes utilizar el bot\u00f3n de gestionar el consentimiento en la parte inferior de la p\u00e1gina.<\/div><div id=\"cmplz-manage-consent-container\" name=\"cmplz-manage-consent-container\" class=\"cmplz-manage-consent-container\"><\/div>\n\n\n        <\/div><!-- #.container -->\n\n    <\/section>","protected":false},"excerpt":{"rendered":"","protected":false},"author":1,"featured_media":0,"parent":0,"menu_order":0,"comment_status":"closed","ping_status":"closed","template":"","meta":{"footnotes":""},"class_list":["post-87","page","type-page","status-publish","hentry"],"_links":{"self":[{"href":"https:\/\/mardelux.com\/es\/wp-json\/wp\/v2\/pages\/87","targetHints":{"allow":["GET"]}}],"collection":[{"href":"https:\/\/mardelux.com\/es\/wp-json\/wp\/v2\/pages"}],"about":[{"href":"https:\/\/mardelux.com\/es\/wp-json\/wp\/v2\/types\/page"}],"author":[{"embeddable":true,"href":"https:\/\/mardelux.com\/es\/wp-json\/wp\/v2\/users\/1"}],"replies":[{"embeddable":true,"href":"https:\/\/mardelux.com\/es\/wp-json\/wp\/v2\/comments?post=87"}],"version-history":[{"count":4,"href":"https:\/\/mardelux.com\/es\/wp-json\/wp\/v2\/pages\/87\/revisions"}],"predecessor-version":[{"id":1721,"href":"https:\/\/mardelux.com\/es\/wp-json\/wp\/v2\/pages\/87\/revisions\/1721"}],"wp:attachment":[{"href":"https:\/\/mardelux.com\/es\/wp-json\/wp\/v2\/media?parent=87"}],"curies":[{"name":"wp","href":"https:\/\/api.w.org\/{rel}","templated":true}]}}